{"id":14937,"date":"2025-01-28T18:47:53","date_gmt":"2025-01-28T18:47:53","guid":{"rendered":"https:\/\/mochacelis.org\/?page_id=14937"},"modified":"2025-05-19T21:47:35","modified_gmt":"2025-05-19T21:47:35","slug":"voluntariados-corporativos","status":"publish","type":"page","link":"https:\/\/mochacelis.org\/en\/voluntariados-corporativos\/","title":{"rendered":"Voluntariados Corporativos"},"content":{"rendered":"<div data-elementor-type=\"wp-page\" data-elementor-id=\"14937\" class=\"elementor elementor-14937\">\n\t\t\t\t\t\t<section class=\"elementor-section elementor-top-section elementor-element elementor-element-0ef626a elementor-section-boxed elementor-section-height-default elementor-section-height-default\" data-id=\"0ef626a\" data-element_type=\"section\" data-settings=\"{&quot;background_background&quot;:&quot;classic&quot;}\">\n\t\t\t\t\t\t<div class=\"elementor-container elementor-column-gap-default\">\n\t\t\t\t\t<div class=\"elementor-column elementor-col-50 elementor-top-column elementor-element elementor-element-4dd75d0\" data-id=\"4dd75d0\" data-element_type=\"column\">\n\t\t\t<div class=\"elementor-widget-wrap elementor-element-populated\">\n\t\t\t\t\t\t<div class=\"elementor-element elementor-element-e9ab62b elementor-widget elementor-widget-hub_fancy_heading\" data-id=\"e9ab62b\" data-element_type=\"widget\" data-widget_type=\"hub_fancy_heading.default\">\n\t\t\t\t<div class=\"elementor-widget-container\">\n\t\t\t\t\t\n\t\t<div id=\"ld-fancy-heading-69e64e88cfd3d\" class=\"ld-fancy-heading pos-rel\">\n\t\t\t<h2 class=\"ld-fh-element d-inline-block pos-rel  elementor-heading-title lqd-highlight-classic lqd-highlight-grow-left h2\"  > Voluntariados Corporativos<\/h2>\t\t<\/div>\n\n\t\t\t\t\t\t<\/div>\n\t\t\t\t<\/div>\n\t\t\t\t<div class=\"elementor-element elementor-element-c02f3b6 elementor-widget elementor-widget-spacer\" data-id=\"c02f3b6\" data-element_type=\"widget\" data-widget_type=\"spacer.default\">\n\t\t\t\t<div class=\"elementor-widget-container\">\n\t\t\t\t\t\t\t<div class=\"elementor-spacer\">\n\t\t\t<div class=\"elementor-spacer-inner\"><\/div>\n\t\t<\/div>\n\t\t\t\t\t\t<\/div>\n\t\t\t\t<\/div>\n\t\t\t\t<div class=\"elementor-element elementor-element-b9384e5 elementor-widget elementor-widget-text-editor\" data-id=\"b9384e5\" data-element_type=\"widget\" data-widget_type=\"text-editor.default\">\n\t\t\t\t<div class=\"elementor-widget-container\">\n\t\t\t\t\t\t\t\t\t<p>Estas actividades promueven la inclusi\u00f3n y la sensibilizaci\u00f3n en diversidad mediante actividades conjuntas entre empresas y personas TTNB.\u00a0<span style=\"letter-spacing: 0px;\">Estas experiencias transformadoras fortalecen valores de respeto, colaboraci\u00f3n y compromiso social en las organizaciones, contribuyendo a una sociedad m\u00e1s justa e igualitaria.<\/span><\/p><p><b>#Tejesolidario<\/b>: jornadas donde equipos empresariales arman y entregan kits de alimentos e higiene para la comunidad TTNB. Esta iniciativa fortalece el trabajo en equipo mientras genera impacto social directo.<\/p><p><b>Cocin\u00e1 en la Mocha:<\/b>\u00a0la experiencia gastron\u00f3mica convoca a voluntaries corporativos a cocinar junto a estudiantes del Bachillerato Mocha Celis, garantizando el acceso alimentario y fomentando intercambio cultural.\u00a0<\/p><p><b>Mocha Textil:<\/b>\u00a0es una cooperativa que produce merchandising sostenible, combinando inclusi\u00f3n laboral TTNB con pr\u00e1cticas responsables. Las empresas pueden apoyar participando en talleres de t\u00e9cnicas textiles.<\/p>\t\t\t\t\t\t\t\t<\/div>\n\t\t\t\t<\/div>\n\t\t\t\t\t<\/div>\n\t\t<\/div>\n\t\t\t\t<div class=\"elementor-column elementor-col-50 elementor-top-column elementor-element elementor-element-f7ed1f6\" data-id=\"f7ed1f6\" data-element_type=\"column\">\n\t\t\t<div class=\"elementor-widget-wrap elementor-element-populated\">\n\t\t\t\t\t\t<div class=\"elementor-element elementor-element-3121d97 elementor-widget elementor-widget-ld_fancy_image\" data-id=\"3121d97\" data-element_type=\"widget\" data-widget_type=\"ld_fancy_image.default\">\n\t\t\t\t<div class=\"elementor-widget-container\">\n\t\t\t\t\t\n\t\t<div class=\"lqd-imggrp-single d-block pos-rel\">\n\t\t\t<div class=\"lqd-imggrp-img-container d-inline-flex pos-rel align-items-center justify-content-center\">\n\t\t\t\t\t\t\t\t<figure class=\"w-100 pos-rel\">\n\t\t\t\t\t<img fetchpriority=\"high\" decoding=\"async\" width=\"3978\" height=\"2652\" src=\"https:\/\/mochacelis.org\/wp-content\/uploads\/2025\/03\/Voluntariado-Teje-La-Mocha-Celis-Foto-Dan-Damelio-63.jpg\" class=\"attachment-full size-full wp-image-15029\" alt=\"\" srcset=\"https:\/\/mochacelis.org\/wp-content\/uploads\/2025\/03\/Voluntariado-Teje-La-Mocha-Celis-Foto-Dan-Damelio-63.jpg 3978w, https:\/\/mochacelis.org\/wp-content\/uploads\/2025\/03\/Voluntariado-Teje-La-Mocha-Celis-Foto-Dan-Damelio-63-300x200.jpg 300w, https:\/\/mochacelis.org\/wp-content\/uploads\/2025\/03\/Voluntariado-Teje-La-Mocha-Celis-Foto-Dan-Damelio-63-1024x683.jpg 1024w, https:\/\/mochacelis.org\/wp-content\/uploads\/2025\/03\/Voluntariado-Teje-La-Mocha-Celis-Foto-Dan-Damelio-63-18x12.jpg 18w, https:\/\/mochacelis.org\/wp-content\/uploads\/2025\/03\/Voluntariado-Teje-La-Mocha-Celis-Foto-Dan-Damelio-63-100x67.jpg 100w, https:\/\/mochacelis.org\/wp-content\/uploads\/2025\/03\/Voluntariado-Teje-La-Mocha-Celis-Foto-Dan-Damelio-63-1536x1024.jpg 1536w, https:\/\/mochacelis.org\/wp-content\/uploads\/2025\/03\/Voluntariado-Teje-La-Mocha-Celis-Foto-Dan-Damelio-63-2048x1365.jpg 2048w, https:\/\/mochacelis.org\/wp-content\/uploads\/2025\/03\/Voluntariado-Teje-La-Mocha-Celis-Foto-Dan-Damelio-63-720x480.jpg 720w\" sizes=\"(max-width: 3978px) 100vw, 3978px\" itemprop=\"image\" \/>\t\t\t\t\t\t\t\t\t\t\t\t\t\t\t\t\t\t\t\t\t\t\t\t\t\t\t\t\t<\/figure>\n\t\t\t<\/div>\n\t\t<\/div>\n\n\t\t\t\t\t<\/div>\n\t\t\t\t<\/div>\n\t\t\t\t<div class=\"elementor-element elementor-element-9700d5c elementor-widget elementor-widget-spacer\" data-id=\"9700d5c\" data-element_type=\"widget\" data-widget_type=\"spacer.default\">\n\t\t\t\t<div class=\"elementor-widget-container\">\n\t\t\t\t\t\t\t<div class=\"elementor-spacer\">\n\t\t\t<div class=\"elementor-spacer-inner\"><\/div>\n\t\t<\/div>\n\t\t\t\t\t\t<\/div>\n\t\t\t\t<\/div>\n\t\t\t\t\t<\/div>\n\t\t<\/div>\n\t\t\t\t\t<\/div>\n\t\t<\/section>\n\t\t\t\t<section class=\"elementor-section elementor-top-section elementor-element elementor-element-5f88ca6 elementor-section-boxed elementor-section-height-default elementor-section-height-default\" data-id=\"5f88ca6\" data-element_type=\"section\" data-settings=\"{&quot;background_background&quot;:&quot;classic&quot;}\">\n\t\t\t\t\t\t<div class=\"elementor-container elementor-column-gap-default\">\n\t\t\t\t\t<div class=\"elementor-column elementor-col-33 elementor-top-column elementor-element elementor-element-02a3a47\" data-id=\"02a3a47\" data-element_type=\"column\">\n\t\t\t<div class=\"elementor-widget-wrap elementor-element-populated\">\n\t\t\t\t\t\t<div class=\"elementor-element elementor-element-4d4d4f1 elementor-widget elementor-widget-ld_fancy_image\" data-id=\"4d4d4f1\" data-element_type=\"widget\" data-widget_type=\"ld_fancy_image.default\">\n\t\t\t\t<div class=\"elementor-widget-container\">\n\t\t\t\t\t\n\t\t<div class=\"lqd-imggrp-single d-block pos-rel\">\n\t\t\t<div class=\"lqd-imggrp-img-container d-inline-flex pos-rel align-items-center justify-content-center\">\n\t\t\t\t\t\t\t\t<figure class=\"w-100 pos-rel\">\n\t\t\t\t\t<img decoding=\"async\" width=\"425\" height=\"535\" src=\"data:image\/svg+xml;charset=utf-8,%3Csvg xmlns%3D&#039;http%3A%2F%2Fwww.w3.org%2F2000%2Fsvg&#039; viewBox%3D&#039;0 0 425 535&#039;%2F%3E\" class=\"attachment-full size-full wp-image-14493 ld-lazyload\" alt=\"\" itemprop=\"image\" data-src=\"https:\/\/mochacelis.org\/wp-content\/uploads\/2024\/11\/Vector-15.png\" data-srcset=\"https:\/\/mochacelis.org\/wp-content\/uploads\/2024\/11\/Vector-15.png 425w, https:\/\/mochacelis.org\/wp-content\/uploads\/2024\/11\/Vector-15-238x300.png 238w, https:\/\/mochacelis.org\/wp-content\/uploads\/2024\/11\/Vector-15-10x12.png 10w, https:\/\/mochacelis.org\/wp-content\/uploads\/2024\/11\/Vector-15-79x100.png 79w\" data-sizes=\"(max-width: 425px) 100vw, 425px\" data-aspect=\"0.79439252336449\" \/>\t\t\t\t\t\t\t\t\t\t\t\t\t\t\t\t\t\t\t\t\t\t\t\t\t\t\t\t\t<\/figure>\n\t\t\t<\/div>\n\t\t<\/div>\n\n\t\t\t\t\t<\/div>\n\t\t\t\t<\/div>\n\t\t\t\t\t<\/div>\n\t\t<\/div>\n\t\t\t\t<div class=\"elementor-column elementor-col-33 elementor-top-column elementor-element elementor-element-8dfec3a\" data-id=\"8dfec3a\" data-element_type=\"column\">\n\t\t\t<div class=\"elementor-widget-wrap elementor-element-populated\">\n\t\t\t\t\t\t<div class=\"elementor-element elementor-element-3d792160 elementor-widget elementor-widget-hub_fancy_heading\" data-id=\"3d792160\" data-element_type=\"widget\" data-widget_type=\"hub_fancy_heading.default\">\n\t\t\t\t<div class=\"elementor-widget-container\">\n\t\t\t\t\t\n\t\t<div id=\"ld-fancy-heading-69e64e88e5e65\" class=\"ld-fancy-heading pos-rel\">\n\t\t\t<h4 class=\"ld-fh-element d-inline-block pos-rel  elementor-heading-title lqd-highlight-custom lqd-highlight-custom-1 h4\"  > 17<\/h4>\t\t<\/div>\n\n\t\t\t\t\t\t<\/div>\n\t\t\t\t<\/div>\n\t\t\t\t<div class=\"elementor-element elementor-element-1bc5096 elementor-widget elementor-widget-text-editor\" data-id=\"1bc5096\" data-element_type=\"widget\" data-widget_type=\"text-editor.default\">\n\t\t\t\t<div class=\"elementor-widget-container\">\n\t\t\t\t\t\t\t\t\t<p>voluntariado corporativos durante 2024<\/p>\t\t\t\t\t\t\t\t<\/div>\n\t\t\t\t<\/div>\n\t\t\t\t\t<\/div>\n\t\t<\/div>\n\t\t\t\t<div class=\"elementor-column elementor-col-33 elementor-top-column elementor-element elementor-element-a53a182\" data-id=\"a53a182\" data-element_type=\"column\">\n\t\t\t<div class=\"elementor-widget-wrap elementor-element-populated\">\n\t\t\t\t\t\t<div class=\"elementor-element elementor-element-2f381e2 elementor-widget elementor-widget-hub_fancy_heading\" data-id=\"2f381e2\" data-element_type=\"widget\" data-widget_type=\"hub_fancy_heading.default\">\n\t\t\t\t<div class=\"elementor-widget-container\">\n\t\t\t\t\t\n\t\t<div id=\"ld-fancy-heading-69e64e88e6873\" class=\"ld-fancy-heading pos-rel\">\n\t\t\t<h4 class=\"ld-fh-element d-inline-block pos-rel  elementor-heading-title lqd-highlight-custom lqd-highlight-custom-1 h4\"  > 340<\/h4>\t\t<\/div>\n\n\t\t\t\t\t\t<\/div>\n\t\t\t\t<\/div>\n\t\t\t\t<div class=\"elementor-element elementor-element-d76fc49 elementor-widget elementor-widget-text-editor\" data-id=\"d76fc49\" data-element_type=\"widget\" data-widget_type=\"text-editor.default\">\n\t\t\t\t<div class=\"elementor-widget-container\">\n\t\t\t\t\t\t\t\t\t<p>personas sensibilizadas en voluntariados corporativos<\/p>\t\t\t\t\t\t\t\t<\/div>\n\t\t\t\t<\/div>\n\t\t\t\t\t<\/div>\n\t\t<\/div>\n\t\t\t\t\t<\/div>\n\t\t<\/section>\n\t\t\t\t<section class=\"elementor-section elementor-top-section elementor-element elementor-element-780541da elementor-section-boxed elementor-section-height-default elementor-section-height-default\" data-id=\"780541da\" data-element_type=\"section\" data-settings=\"{&quot;background_background&quot;:&quot;classic&quot;}\">\n\t\t\t\t\t\t\t<div class=\"elementor-background-overlay\"><\/div>\n\t\t\t\t\t\t\t<div class=\"elementor-container elementor-column-gap-default\">\n\t\t\t\t\t<div class=\"elementor-column elementor-col-50 elementor-top-column elementor-element elementor-element-7f138a10 elementor-hidden-mobile\" data-id=\"7f138a10\" data-element_type=\"column\">\n\t\t\t<div class=\"elementor-widget-wrap\">\n\t\t\t\t\t\t\t<\/div>\n\t\t<\/div>\n\t\t\t\t<div class=\"elementor-column elementor-col-50 elementor-top-column elementor-element elementor-element-4663863d\" data-id=\"4663863d\" data-element_type=\"column\">\n\t\t\t<div class=\"elementor-widget-wrap elementor-element-populated\">\n\t\t\t\t\t\t<div class=\"elementor-element elementor-element-15298867 elementor-widget elementor-widget-hub_fancy_heading\" data-id=\"15298867\" data-element_type=\"widget\" data-widget_type=\"hub_fancy_heading.default\">\n\t\t\t\t<div class=\"elementor-widget-container\">\n\t\t\t\t\t\n\t\t<div id=\"ld-fancy-heading-69e64e88e718c\" class=\"ld-fancy-heading pos-rel\">\n\t\t\t<h2 class=\"ld-fh-element d-inline-block pos-rel  elementor-heading-title lqd-highlight-custom lqd-highlight-custom-1 h2\"  > Estas experiencias transformadoras fortalecen valores de respeto, colaboraci\u00f3n y compromiso social en las organizaciones, contribuyendo a una sociedad m\u00e1s justa e igualitaria.<\/h2>\t\t<\/div>\n\n\t\t\t\t\t\t<\/div>\n\t\t\t\t<\/div>\n\t\t\t\t\t<\/div>\n\t\t<\/div>\n\t\t\t\t\t<\/div>\n\t\t<\/section>\n\t\t\t\t<section class=\"elementor-section elementor-top-section elementor-element elementor-element-860ca46 elementor-section-boxed elementor-section-height-default elementor-section-height-default\" data-id=\"860ca46\" data-element_type=\"section\">\n\t\t\t\t\t\t<div class=\"elementor-container elementor-column-gap-default\">\n\t\t\t\t\t<div class=\"elementor-column elementor-col-100 elementor-top-column elementor-element elementor-element-78b9824\" data-id=\"78b9824\" data-element_type=\"column\">\n\t\t\t<div class=\"elementor-widget-wrap elementor-element-populated\">\n\t\t\t\t\t\t<div class=\"elementor-element elementor-element-e2d5431 elementor-widget elementor-widget-hub_fancy_heading\" data-id=\"e2d5431\" data-element_type=\"widget\" data-widget_type=\"hub_fancy_heading.default\">\n\t\t\t\t<div class=\"elementor-widget-container\">\n\t\t\t\t\t\n\t\t<div id=\"ld-fancy-heading-69e64e88e767b\" class=\"ld-fancy-heading pos-rel\">\n\t\t\t<h2 class=\"ld-fh-element d-inline-block pos-rel  elementor-heading-title lqd-highlight-classic lqd-highlight-grow-left h2\"  > Conoc\u00e9 m\u00e1s sobre los voluntariados coorporativos.<\/h2>\t\t<\/div>\n\n\t\t\t\t\t\t<\/div>\n\t\t\t\t<\/div>\n\t\t\t\t<div class=\"elementor-element elementor-element-5c8bf94 elementor-widget elementor-widget-video\" data-id=\"5c8bf94\" data-element_type=\"widget\" data-settings=\"{&quot;youtube_url&quot;:&quot;https:\\\/\\\/www.youtube.com\\\/watch?v=FIp_CitOF_o&quot;,&quot;video_type&quot;:&quot;youtube&quot;,&quot;controls&quot;:&quot;yes&quot;}\" data-widget_type=\"video.default\">\n\t\t\t\t<div class=\"elementor-widget-container\">\n\t\t\t\t\t\t\t<div class=\"elementor-wrapper elementor-open-inline\">\n\t\t\t<div class=\"elementor-video\"><\/div>\t\t<\/div>\n\t\t\t\t\t\t<\/div>\n\t\t\t\t<\/div>\n\t\t\t\t\t<\/div>\n\t\t<\/div>\n\t\t\t\t\t<\/div>\n\t\t<\/section>\n\t\t\t\t<section class=\"elementor-section elementor-top-section elementor-element elementor-element-385abfc elementor-section-boxed elementor-section-height-default elementor-section-height-default\" data-id=\"385abfc\" data-element_type=\"section\">\n\t\t\t\t\t\t<div class=\"elementor-container elementor-column-gap-default\">\n\t\t\t\t\t<div class=\"elementor-column elementor-col-50 elementor-top-column elementor-element elementor-element-d9f3182\" data-id=\"d9f3182\" data-element_type=\"column\">\n\t\t\t<div class=\"elementor-widget-wrap elementor-element-populated\">\n\t\t\t\t\t\t<div class=\"elementor-element elementor-element-c425fa1 elementor-align-right elementor-mobile-align-center elementor-widget elementor-widget-ld_button\" data-id=\"c425fa1\" data-element_type=\"widget\" data-widget_type=\"ld_button.default\">\n\t\t\t\t<div class=\"elementor-widget-container\">\n\t\t\t\t\t\n\t\t\t<a\n\t\t\t\thref=\"https:\/\/mochacelis.org\/en\/dona\/\"class=\"elementor-button btn btn-solid btn-custom-size btn-icon-shaped btn-has-label\"\t\t\t>\n\t\t\t\t\t\t\t\t\t<span data-text=\"DON\u00c1\" class=\"btn-txt\">\n\t\t\t\t\t\tDONATE\t\t\t\t\t<\/span>\n\t\t\t\t\t\t\t\t\t\t\t<\/a>\n\t\t\t\t\t\t\t<\/div>\n\t\t\t\t<\/div>\n\t\t\t\t\t<\/div>\n\t\t<\/div>\n\t\t\t\t<div class=\"elementor-column elementor-col-50 elementor-top-column elementor-element elementor-element-d9c9d27\" data-id=\"d9c9d27\" data-element_type=\"column\">\n\t\t\t<div class=\"elementor-widget-wrap elementor-element-populated\">\n\t\t\t\t\t\t<div class=\"elementor-element elementor-element-9d8a108 elementor-align-left elementor-mobile-align-center elementor-widget elementor-widget-ld_button\" data-id=\"9d8a108\" data-element_type=\"widget\" data-widget_type=\"ld_button.default\">\n\t\t\t\t<div class=\"elementor-widget-container\">\n\t\t\t\t\t\n\t\t\t<a\n\t\t\t\thref=\"https:\/\/mochacelis.org\/en\/colabora\/\"class=\"elementor-button btn btn-solid btn-custom-size btn-icon-shaped btn-has-label\"\t\t\t>\n\t\t\t\t\t\t\t\t\t<span data-text=\"COLABOR\u00c1\" class=\"btn-txt\">\n\t\t\t\t\t\tCOLLABORATE\t\t\t\t\t<\/span>\n\t\t\t\t\t\t\t\t\t\t\t<\/a>\n\t\t\t\t\t\t\t<\/div>\n\t\t\t\t<\/div>\n\t\t\t\t\t<\/div>\n\t\t<\/div>\n\t\t\t\t\t<\/div>\n\t\t<\/section>\n\t\t\t\t<\/div>","protected":false},"excerpt":{"rendered":"<p>Voluntariados Corporativos Estas actividades promueven la inclusi\u00f3n y la sensibilizaci\u00f3n en diversidad mediante actividades conjuntas entre empresas y personas TTNB.\u00a0Estas experiencias transformadoras fortalecen valores de respeto, colaboraci\u00f3n y compromiso social en las organizaciones, contribuyendo a una sociedad m\u00e1s justa e igualitaria. #Tejesolidario: jornadas donde equipos empresariales arman y entregan kits de alimentos e higiene para [&hellip;]<\/p>","protected":false},"author":1,"featured_media":0,"parent":0,"menu_order":2,"comment_status":"closed","ping_status":"closed","template":"","meta":{"_acf_changed":false,"footnotes":""},"class_list":["post-14937","page","type-page","status-publish","hentry"],"acf":[],"yoast_head":"<!-- This site is optimized with the Yoast SEO plugin v26.5 - https:\/\/yoast.com\/wordpress\/plugins\/seo\/ -->\n<title>Voluntariados Corporativos - Mocha Celis<\/title>\n<meta name=\"description\" content=\"11 a\u00f1os tejiendo por la igualdad desde la comunidad travesti, trans y no binaria.\" \/>\n<meta name=\"robots\" content=\"index, follow, max-snippet:-1, max-image-preview:large, max-video-preview:-1\" \/>\n<link rel=\"canonical\" href=\"https:\/\/mochacelis.org\/en\/voluntariados-corporativos\/\" \/>\n<meta property=\"og:locale\" content=\"en_US\" \/>\n<meta property=\"og:type\" content=\"article\" \/>\n<meta property=\"og:title\" content=\"Voluntariados Corporativos - Mocha Celis\" \/>\n<meta property=\"og:description\" content=\"11 a\u00f1os tejiendo por la igualdad desde la comunidad travesti, trans y no binaria.\" \/>\n<meta property=\"og:url\" content=\"https:\/\/mochacelis.org\/en\/voluntariados-corporativos\/\" \/>\n<meta property=\"og:site_name\" content=\"Mocha Celis\" \/>\n<meta property=\"article:modified_time\" content=\"2025-05-19T21:47:35+00:00\" \/>\n<meta property=\"og:image\" content=\"https:\/\/mochacelis.org\/wp-content\/uploads\/2025\/03\/Voluntariado-Teje-La-Mocha-Celis-Foto-Dan-Damelio-63-1024x683.jpg\" \/>\n\t<meta property=\"og:image:width\" content=\"1024\" \/>\n\t<meta property=\"og:image:height\" content=\"683\" \/>\n\t<meta property=\"og:image:type\" content=\"image\/jpeg\" \/>\n<meta name=\"twitter:card\" content=\"summary_large_image\" \/>\n<meta name=\"twitter:label1\" content=\"Est. reading time\" \/>\n\t<meta name=\"twitter:data1\" content=\"2 minutes\" \/>\n<script type=\"application\/ld+json\" class=\"yoast-schema-graph\">{\"@context\":\"https:\/\/schema.org\",\"@graph\":[{\"@type\":\"WebPage\",\"@id\":\"https:\/\/mochacelis.org\/voluntariados-corporativos\/\",\"url\":\"https:\/\/mochacelis.org\/voluntariados-corporativos\/\",\"name\":\"Voluntariados Corporativos - Mocha Celis\",\"isPartOf\":{\"@id\":\"https:\/\/mochacelis.org\/#website\"},\"primaryImageOfPage\":{\"@id\":\"https:\/\/mochacelis.org\/voluntariados-corporativos\/#primaryimage\"},\"image\":{\"@id\":\"https:\/\/mochacelis.org\/voluntariados-corporativos\/#primaryimage\"},\"thumbnailUrl\":\"https:\/\/mochacelis.org\/wp-content\/uploads\/2025\/03\/Voluntariado-Teje-La-Mocha-Celis-Foto-Dan-Damelio-63.jpg\",\"datePublished\":\"2025-01-28T18:47:53+00:00\",\"dateModified\":\"2025-05-19T21:47:35+00:00\",\"description\":\"11 a\u00f1os tejiendo por la igualdad desde la comunidad travesti, trans y no binaria.\",\"breadcrumb\":{\"@id\":\"https:\/\/mochacelis.org\/voluntariados-corporativos\/#breadcrumb\"},\"inLanguage\":\"en-US\",\"potentialAction\":[{\"@type\":\"ReadAction\",\"target\":[\"https:\/\/mochacelis.org\/voluntariados-corporativos\/\"]}]},{\"@type\":\"ImageObject\",\"inLanguage\":\"en-US\",\"@id\":\"https:\/\/mochacelis.org\/voluntariados-corporativos\/#primaryimage\",\"url\":\"https:\/\/mochacelis.org\/wp-content\/uploads\/2025\/03\/Voluntariado-Teje-La-Mocha-Celis-Foto-Dan-Damelio-63.jpg\",\"contentUrl\":\"https:\/\/mochacelis.org\/wp-content\/uploads\/2025\/03\/Voluntariado-Teje-La-Mocha-Celis-Foto-Dan-Damelio-63.jpg\"},{\"@type\":\"BreadcrumbList\",\"@id\":\"https:\/\/mochacelis.org\/voluntariados-corporativos\/#breadcrumb\",\"itemListElement\":[{\"@type\":\"ListItem\",\"position\":1,\"name\":\"Inicio\",\"item\":\"https:\/\/mochacelis.org\/\"},{\"@type\":\"ListItem\",\"position\":2,\"name\":\"Voluntariados Corporativos\"}]},{\"@type\":\"WebSite\",\"@id\":\"https:\/\/mochacelis.org\/#website\",\"url\":\"https:\/\/mochacelis.org\/\",\"name\":\"Mocha Celis\",\"description\":\"11 a\u00f1os tejiendo por la igualdad desde la comunidad travesti, trans y no binaria.\",\"publisher\":{\"@id\":\"https:\/\/mochacelis.org\/#organization\"},\"potentialAction\":[{\"@type\":\"SearchAction\",\"target\":{\"@type\":\"EntryPoint\",\"urlTemplate\":\"https:\/\/mochacelis.org\/?s={search_term_string}\"},\"query-input\":{\"@type\":\"PropertyValueSpecification\",\"valueRequired\":true,\"valueName\":\"search_term_string\"}}],\"inLanguage\":\"en-US\"},{\"@type\":\"Organization\",\"@id\":\"https:\/\/mochacelis.org\/#organization\",\"name\":\"Mocha Celis\",\"url\":\"https:\/\/mochacelis.org\/\",\"logo\":{\"@type\":\"ImageObject\",\"inLanguage\":\"en-US\",\"@id\":\"https:\/\/mochacelis.org\/#\/schema\/logo\/image\/\",\"url\":\"https:\/\/mochacelis.org\/wp-content\/uploads\/2021\/11\/favicon-mocha.png\",\"contentUrl\":\"https:\/\/mochacelis.org\/wp-content\/uploads\/2021\/11\/favicon-mocha.png\",\"width\":64,\"height\":64,\"caption\":\"Mocha Celis\"},\"image\":{\"@id\":\"https:\/\/mochacelis.org\/#\/schema\/logo\/image\/\"}}]}<\/script>\n<!-- \/ Yoast SEO plugin. -->","yoast_head_json":{"title":"Voluntariados Corporativos - Mocha Celis","description":"11 a\u00f1os tejiendo por la igualdad desde la comunidad travesti, trans y no binaria.","robots":{"index":"index","follow":"follow","max-snippet":"max-snippet:-1","max-image-preview":"max-image-preview:large","max-video-preview":"max-video-preview:-1"},"canonical":"https:\/\/mochacelis.org\/en\/voluntariados-corporativos\/","og_locale":"en_US","og_type":"article","og_title":"Voluntariados Corporativos - Mocha Celis","og_description":"11 a\u00f1os tejiendo por la igualdad desde la comunidad travesti, trans y no binaria.","og_url":"https:\/\/mochacelis.org\/en\/voluntariados-corporativos\/","og_site_name":"Mocha Celis","article_modified_time":"2025-05-19T21:47:35+00:00","og_image":[{"width":1024,"height":683,"url":"https:\/\/mochacelis.org\/wp-content\/uploads\/2025\/03\/Voluntariado-Teje-La-Mocha-Celis-Foto-Dan-Damelio-63-1024x683.jpg","type":"image\/jpeg"}],"twitter_card":"summary_large_image","twitter_misc":{"Est. reading time":"2 minutes"},"schema":{"@context":"https:\/\/schema.org","@graph":[{"@type":"WebPage","@id":"https:\/\/mochacelis.org\/voluntariados-corporativos\/","url":"https:\/\/mochacelis.org\/voluntariados-corporativos\/","name":"Voluntariados Corporativos - Mocha Celis","isPartOf":{"@id":"https:\/\/mochacelis.org\/#website"},"primaryImageOfPage":{"@id":"https:\/\/mochacelis.org\/voluntariados-corporativos\/#primaryimage"},"image":{"@id":"https:\/\/mochacelis.org\/voluntariados-corporativos\/#primaryimage"},"thumbnailUrl":"https:\/\/mochacelis.org\/wp-content\/uploads\/2025\/03\/Voluntariado-Teje-La-Mocha-Celis-Foto-Dan-Damelio-63.jpg","datePublished":"2025-01-28T18:47:53+00:00","dateModified":"2025-05-19T21:47:35+00:00","description":"11 a\u00f1os tejiendo por la igualdad desde la comunidad travesti, trans y no binaria.","breadcrumb":{"@id":"https:\/\/mochacelis.org\/voluntariados-corporativos\/#breadcrumb"},"inLanguage":"en-US","potentialAction":[{"@type":"ReadAction","target":["https:\/\/mochacelis.org\/voluntariados-corporativos\/"]}]},{"@type":"ImageObject","inLanguage":"en-US","@id":"https:\/\/mochacelis.org\/voluntariados-corporativos\/#primaryimage","url":"https:\/\/mochacelis.org\/wp-content\/uploads\/2025\/03\/Voluntariado-Teje-La-Mocha-Celis-Foto-Dan-Damelio-63.jpg","contentUrl":"https:\/\/mochacelis.org\/wp-content\/uploads\/2025\/03\/Voluntariado-Teje-La-Mocha-Celis-Foto-Dan-Damelio-63.jpg"},{"@type":"BreadcrumbList","@id":"https:\/\/mochacelis.org\/voluntariados-corporativos\/#breadcrumb","itemListElement":[{"@type":"ListItem","position":1,"name":"Inicio","item":"https:\/\/mochacelis.org\/"},{"@type":"ListItem","position":2,"name":"Voluntariados Corporativos"}]},{"@type":"WebSite","@id":"https:\/\/mochacelis.org\/#website","url":"https:\/\/mochacelis.org\/","name":"Mocha Celis","description":"11 a\u00f1os tejiendo por la igualdad desde la comunidad travesti, trans y no binaria.","publisher":{"@id":"https:\/\/mochacelis.org\/#organization"},"potentialAction":[{"@type":"SearchAction","target":{"@type":"EntryPoint","urlTemplate":"https:\/\/mochacelis.org\/?s={search_term_string}"},"query-input":{"@type":"PropertyValueSpecification","valueRequired":true,"valueName":"search_term_string"}}],"inLanguage":"en-US"},{"@type":"Organization","@id":"https:\/\/mochacelis.org\/#organization","name":"Mocha Celis","url":"https:\/\/mochacelis.org\/","logo":{"@type":"ImageObject","inLanguage":"en-US","@id":"https:\/\/mochacelis.org\/#\/schema\/logo\/image\/","url":"https:\/\/mochacelis.org\/wp-content\/uploads\/2021\/11\/favicon-mocha.png","contentUrl":"https:\/\/mochacelis.org\/wp-content\/uploads\/2021\/11\/favicon-mocha.png","width":64,"height":64,"caption":"Mocha Celis"},"image":{"@id":"https:\/\/mochacelis.org\/#\/schema\/logo\/image\/"}}]}},"_links":{"self":[{"href":"https:\/\/mochacelis.org\/en\/wp-json\/wp\/v2\/pages\/14937","targetHints":{"allow":["GET"]}}],"collection":[{"href":"https:\/\/mochacelis.org\/en\/wp-json\/wp\/v2\/pages"}],"about":[{"href":"https:\/\/mochacelis.org\/en\/wp-json\/wp\/v2\/types\/page"}],"author":[{"embeddable":true,"href":"https:\/\/mochacelis.org\/en\/wp-json\/wp\/v2\/users\/1"}],"replies":[{"embeddable":true,"href":"https:\/\/mochacelis.org\/en\/wp-json\/wp\/v2\/comments?post=14937"}],"version-history":[{"count":46,"href":"https:\/\/mochacelis.org\/en\/wp-json\/wp\/v2\/pages\/14937\/revisions"}],"predecessor-version":[{"id":15096,"href":"https:\/\/mochacelis.org\/en\/wp-json\/wp\/v2\/pages\/14937\/revisions\/15096"}],"wp:attachment":[{"href":"https:\/\/mochacelis.org\/en\/wp-json\/wp\/v2\/media?parent=14937"}],"curies":[{"name":"wp","href":"https:\/\/api.w.org\/{rel}","templated":true}]}}