{"id":12818,"date":"2024-04-03T05:27:34","date_gmt":"2024-04-03T05:27:34","guid":{"rendered":"https:\/\/mochacelis.org\/?page_id=12818"},"modified":"2024-04-29T21:10:46","modified_gmt":"2024-04-29T21:10:46","slug":"mocha-textil","status":"publish","type":"page","link":"https:\/\/mochacelis.org\/en\/programas\/mocha-textil\/","title":{"rendered":"Mocha Textil"},"content":{"rendered":"<div data-elementor-type=\"wp-page\" data-elementor-id=\"12818\" class=\"elementor elementor-12818\">\n\t\t\t\t\t\t<section class=\"elementor-section elementor-top-section elementor-element elementor-element-0ef626a elementor-section-boxed elementor-section-height-default elementor-section-height-default\" data-id=\"0ef626a\" data-element_type=\"section\" data-settings=\"{&quot;background_background&quot;:&quot;classic&quot;}\">\n\t\t\t\t\t\t<div class=\"elementor-container elementor-column-gap-default\">\n\t\t\t\t\t<div class=\"elementor-column elementor-col-100 elementor-top-column elementor-element elementor-element-4dd75d0\" data-id=\"4dd75d0\" data-element_type=\"column\">\n\t\t\t<div class=\"elementor-widget-wrap elementor-element-populated\">\n\t\t\t\t\t\t<div class=\"elementor-element elementor-element-c02f3b6 elementor-widget elementor-widget-spacer\" data-id=\"c02f3b6\" data-element_type=\"widget\" data-widget_type=\"spacer.default\">\n\t\t\t\t<div class=\"elementor-widget-container\">\n\t\t\t\t\t\t\t<div class=\"elementor-spacer\">\n\t\t\t<div class=\"elementor-spacer-inner\"><\/div>\n\t\t<\/div>\n\t\t\t\t\t\t<\/div>\n\t\t\t\t<\/div>\n\t\t\t\t<div class=\"elementor-element elementor-element-e9ab62b elementor-widget elementor-widget-hub_fancy_heading\" data-id=\"e9ab62b\" data-element_type=\"widget\" data-widget_type=\"hub_fancy_heading.default\">\n\t\t\t\t<div class=\"elementor-widget-container\">\n\t\t\t\t\t\n\t\t<div id=\"ld-fancy-heading-69f166ca19587\" class=\"ld-fancy-heading pos-rel\">\n\t\t\t<h2 class=\"ld-fh-element d-inline-block pos-rel  elementor-heading-title lqd-highlight-classic lqd-highlight-grow-left h2\"  > Mocha Textil<\/h2>\t\t<\/div>\n\n\t\t\t\t\t\t<\/div>\n\t\t\t\t<\/div>\n\t\t\t\t<div class=\"elementor-element elementor-element-b9384e5 elementor-widget elementor-widget-text-editor\" data-id=\"b9384e5\" data-element_type=\"widget\" data-widget_type=\"text-editor.default\">\n\t\t\t\t<div class=\"elementor-widget-container\">\n\t\t\t\t\t\t\t\t\t<p><span style=\"font-weight: 400;\">A trav\u00e9s de este programa capacitamos a estudiantes de nuestro Bachillerato en estampado, serigraf\u00eda y sublimado de art\u00edculos y prendas textiles. Adem\u00e1s, trabajamos en la elaboraci\u00f3n de dise\u00f1os digitales y anal\u00f3gicos originales, enfocados en la comunidad LGBTTNB+.<\/span><\/p><p><span style=\"font-weight: 400;\">A su vez, conformamos una cooperativa con aquelles estudiantes que se han formado en 2022 y 2023. La misma elabora diferentes productos como: remeras, botellas, bolsas de tela, cuadernos, pines, cartucheras y tazas. Pod\u00e9s realizar tu pedido a trav\u00e9s del mail: <a href=\"mailto:mochatextil@mochacelis.org\">mochatextil@mochacelis.org\u00a0<\/a><\/span><\/p>\t\t\t\t\t\t\t\t<\/div>\n\t\t\t\t<\/div>\n\t\t\t\t<div class=\"elementor-element elementor-element-449f403 elementor-widget-divider--view-line elementor-widget elementor-widget-divider\" data-id=\"449f403\" data-element_type=\"widget\" data-widget_type=\"divider.default\">\n\t\t\t\t<div class=\"elementor-widget-container\">\n\t\t\t\t\t\t\t<div class=\"elementor-divider\">\n\t\t\t<span class=\"elementor-divider-separator\">\n\t\t\t\t\t\t<\/span>\n\t\t<\/div>\n\t\t\t\t\t\t<\/div>\n\t\t\t\t<\/div>\n\t\t\t\t<div class=\"elementor-element elementor-element-3288cb7 elementor-arrows-position-inside elementor-pagination-position-outside elementor-widget elementor-widget-image-carousel\" data-id=\"3288cb7\" data-element_type=\"widget\" data-settings=\"{&quot;slides_to_show&quot;:&quot;3&quot;,&quot;slides_to_scroll&quot;:&quot;1&quot;,&quot;image_spacing_custom&quot;:{&quot;unit&quot;:&quot;px&quot;,&quot;size&quot;:5,&quot;sizes&quot;:[]},&quot;navigation&quot;:&quot;both&quot;,&quot;autoplay&quot;:&quot;yes&quot;,&quot;pause_on_hover&quot;:&quot;yes&quot;,&quot;pause_on_interaction&quot;:&quot;yes&quot;,&quot;autoplay_speed&quot;:5000,&quot;infinite&quot;:&quot;yes&quot;,&quot;speed&quot;:500,&quot;image_spacing_custom_tablet&quot;:{&quot;unit&quot;:&quot;px&quot;,&quot;size&quot;:&quot;&quot;,&quot;sizes&quot;:[]},&quot;image_spacing_custom_mobile&quot;:{&quot;unit&quot;:&quot;px&quot;,&quot;size&quot;:&quot;&quot;,&quot;sizes&quot;:[]}}\" data-widget_type=\"image-carousel.default\">\n\t\t\t\t<div class=\"elementor-widget-container\">\n\t\t\t\t\t\t\t<div class=\"elementor-image-carousel-wrapper swiper\" role=\"region\" aria-roledescription=\"carousel\" aria-label=\"Image Carousel\" dir=\"ltr\">\n\t\t\t<div class=\"elementor-image-carousel swiper-wrapper\" aria-live=\"off\">\n\t\t\t\t\t\t\t\t<div class=\"swiper-slide\" role=\"group\" aria-roledescription=\"slide\" aria-label=\"1 of 8\" data-no-translation-aria-label=\"\"><figure class=\"swiper-slide-inner\"><img decoding=\"async\" class=\"swiper-slide-image\" src=\"https:\/\/mochacelis.org\/wp-content\/uploads\/2024\/04\/IMG_9902.jpg\" alt=\"IMG_9902\" \/><\/figure><\/div><div class=\"swiper-slide\" role=\"group\" aria-roledescription=\"slide\" aria-label=\"2 of 8\" data-no-translation-aria-label=\"\"><figure class=\"swiper-slide-inner\"><img decoding=\"async\" class=\"swiper-slide-image\" src=\"https:\/\/mochacelis.org\/wp-content\/uploads\/2024\/04\/IMzG_9941.jpg\" alt=\"IMzG_9941\" \/><\/figure><\/div><div class=\"swiper-slide\" role=\"group\" aria-roledescription=\"slide\" aria-label=\"3 of 8\" data-no-translation-aria-label=\"\"><figure class=\"swiper-slide-inner\"><img decoding=\"async\" class=\"swiper-slide-image\" src=\"https:\/\/mochacelis.org\/wp-content\/uploads\/2024\/04\/IMG_9913.jpg\" alt=\"IMG_9913\" \/><\/figure><\/div><div class=\"swiper-slide\" role=\"group\" aria-roledescription=\"slide\" aria-label=\"4 of 8\" data-no-translation-aria-label=\"\"><figure class=\"swiper-slide-inner\"><img decoding=\"async\" class=\"swiper-slide-image\" src=\"https:\/\/mochacelis.org\/wp-content\/uploads\/2024\/04\/IMG_9978.jpg\" alt=\"IMG_9978\" \/><\/figure><\/div><div class=\"swiper-slide\" role=\"group\" aria-roledescription=\"slide\" aria-label=\"5 of 8\" data-no-translation-aria-label=\"\"><figure class=\"swiper-slide-inner\"><img decoding=\"async\" class=\"swiper-slide-image\" src=\"https:\/\/mochacelis.org\/wp-content\/uploads\/2024\/04\/IMG_9932.jpg\" alt=\"IMG_9932\" \/><\/figure><\/div><div class=\"swiper-slide\" role=\"group\" aria-roledescription=\"slide\" aria-label=\"6 of 8\" data-no-translation-aria-label=\"\"><figure class=\"swiper-slide-inner\"><img decoding=\"async\" class=\"swiper-slide-image\" src=\"https:\/\/mochacelis.org\/wp-content\/uploads\/2024\/04\/IMG_9910.jpg\" alt=\"IMG_9910\" \/><\/figure><\/div><div class=\"swiper-slide\" role=\"group\" aria-roledescription=\"slide\" aria-label=\"7 of 8\" data-no-translation-aria-label=\"\"><figure class=\"swiper-slide-inner\"><img decoding=\"async\" class=\"swiper-slide-image\" src=\"https:\/\/mochacelis.org\/wp-content\/uploads\/2024\/04\/IMG_0031.jpg\" alt=\"IMG_0031\" \/><\/figure><\/div><div class=\"swiper-slide\" role=\"group\" aria-roledescription=\"slide\" aria-label=\"8 of 8\" data-no-translation-aria-label=\"\"><figure class=\"swiper-slide-inner\"><img decoding=\"async\" class=\"swiper-slide-image\" src=\"https:\/\/mochacelis.org\/wp-content\/uploads\/2024\/04\/IMG_9912.jpg\" alt=\"IMG_9912\" \/><\/figure><\/div>\t\t\t<\/div>\n\t\t\t\t\t\t\t\t\t\t\t\t<div class=\"elementor-swiper-button elementor-swiper-button-prev\" role=\"button\" tabindex=\"0\">\n\t\t\t\t\t\t<i aria-hidden=\"true\" class=\"eicon-chevron-left\"><\/i>\t\t\t\t\t<\/div>\n\t\t\t\t\t<div class=\"elementor-swiper-button elementor-swiper-button-next\" role=\"button\" tabindex=\"0\">\n\t\t\t\t\t\t<i aria-hidden=\"true\" class=\"eicon-chevron-right\"><\/i>\t\t\t\t\t<\/div>\n\t\t\t\t\n\t\t\t\t\t\t\t\t\t<div class=\"swiper-pagination\"><\/div>\n\t\t\t\t\t\t\t\t\t<\/div>\n\t\t\t\t\t\t<\/div>\n\t\t\t\t<\/div>\n\t\t\t\t\t<\/div>\n\t\t<\/div>\n\t\t\t\t\t<\/div>\n\t\t<\/section>\n\t\t\t\t<section class=\"elementor-section elementor-top-section elementor-element elementor-element-63d8299 elementor-section-boxed elementor-section-height-default elementor-section-height-default\" data-id=\"63d8299\" data-element_type=\"section\" data-settings=\"{&quot;background_background&quot;:&quot;classic&quot;}\">\n\t\t\t\t\t\t<div class=\"elementor-container elementor-column-gap-default\">\n\t\t\t\t\t<div class=\"elementor-column elementor-col-100 elementor-top-column elementor-element elementor-element-49538d9\" data-id=\"49538d9\" data-element_type=\"column\">\n\t\t\t<div class=\"elementor-widget-wrap elementor-element-populated\">\n\t\t\t\t\t\t<div class=\"elementor-element elementor-element-b8d603b elementor-widget elementor-widget-hub_fancy_heading\" data-id=\"b8d603b\" data-element_type=\"widget\" data-widget_type=\"hub_fancy_heading.default\">\n\t\t\t\t<div class=\"elementor-widget-container\">\n\t\t\t\t\t\n\t\t<div id=\"ld-fancy-heading-69f166ca1aa72\" class=\"ld-fancy-heading pos-rel\">\n\t\t\t<h3 class=\"ld-fh-element d-inline-block pos-rel  elementor-heading-title lqd-highlight-classic lqd-highlight-grow-left h3\"  > Conoc\u00e9 todos los productos que elaboramos<\/h3>\t\t<\/div>\n\n\t\t\t\t\t\t<\/div>\n\t\t\t\t<\/div>\n\t\t\t\t\t<\/div>\n\t\t<\/div>\n\t\t\t\t\t<\/div>\n\t\t<\/section>\n\t\t\t\t<section class=\"elementor-section elementor-top-section elementor-element elementor-element-aa397e2 elementor-section-boxed elementor-section-height-default elementor-section-height-default\" data-id=\"aa397e2\" data-element_type=\"section\" data-settings=\"{&quot;background_background&quot;:&quot;classic&quot;}\">\n\t\t\t\t\t\t\t<div class=\"elementor-background-overlay\"><\/div>\n\t\t\t\t\t\t\t<div class=\"elementor-container elementor-column-gap-default\">\n\t\t\t\t\t<div class=\"elementor-column elementor-col-33 elementor-top-column elementor-element elementor-element-6105135\" data-id=\"6105135\" data-element_type=\"column\">\n\t\t\t<div class=\"elementor-widget-wrap elementor-element-populated\">\n\t\t\t\t\t\t<div class=\"elementor-element elementor-element-d83dce0 elementor-align-center elementor-widget elementor-widget-ld_icon_box\" data-id=\"d83dce0\" data-element_type=\"widget\" data-widget_type=\"ld_icon_box.default\">\n\t\t\t\t<div class=\"elementor-widget-container\">\n\t\t\t\t\t\n\t\t\t<div id=\"ld_icon_box_d83dce0\" class=\"iconbox d-flex flex-grow-1 pos-rel flex-column iconbox-default iconbox-icon-shaped iconbox-circle\"   >\n\n\t\t\t\t\n\t\t\t\t<div class=\"iconbox-icon-wrap\"><div class=\"iconbox-icon-container d-inline-flex pos-rel z-index-1 border-radius-circle\"><i aria-hidden=\"true\" class=\"fas fa-tshirt\"><\/i><\/div><\/div>\n\t\t\t\t\n\t\t\t\t\n\t\t\t\t\n\t\t\t\t<h3 class=\"lqd-iconbox-heading\" >Remeras <\/h3>\t\t\t\t<p><\/p>\n\t\t\t\t\n\t\t\t\t\n\t\t\t\t\n\t\t\t<\/div>\n\n\t\t\t\t\t\t<\/div>\n\t\t\t\t<\/div>\n\t\t\t\t\t<\/div>\n\t\t<\/div>\n\t\t\t\t<div class=\"elementor-column elementor-col-33 elementor-top-column elementor-element elementor-element-8321829\" data-id=\"8321829\" data-element_type=\"column\">\n\t\t\t<div class=\"elementor-widget-wrap elementor-element-populated\">\n\t\t\t\t\t\t<div class=\"elementor-element elementor-element-7a5e35a elementor-align-center elementor-widget elementor-widget-ld_icon_box\" data-id=\"7a5e35a\" data-element_type=\"widget\" data-widget_type=\"ld_icon_box.default\">\n\t\t\t\t<div class=\"elementor-widget-container\">\n\t\t\t\t\t\n\t\t\t<div id=\"ld_icon_box_7a5e35a\" class=\"iconbox d-flex flex-grow-1 pos-rel flex-column iconbox-default iconbox-icon-shaped iconbox-circle\"   >\n\n\t\t\t\t\n\t\t\t\t<div class=\"iconbox-icon-wrap\"><div class=\"iconbox-icon-container d-inline-flex pos-rel z-index-1 border-radius-circle\"><svg xmlns=\"http:\/\/www.w3.org\/2000\/svg\" id=\"Capa_1\" data-name=\"Capa 1\" viewbox=\"0 0 42.04 50.89\"><defs><style>.cls-1{fill:#fff;}<\/style><\/defs><path class=\"cls-1\" d=\"M18.57,13.34a2.81,2.81,0,0,1,0,1.81c0,.1,0,.11.08.11h2.12a2.49,2.49,0,0,1-.19-.89,2.62,2.62,0,0,1,.18-1.17c0-.09-.06,0-.1,0h-2c-.12,0-.13,0-.08.13A.18.18,0,0,0,18.57,13.34Z\"><\/path><path class=\"cls-1\" d=\"M23.16,9.5l-3.06.06a3.05,3.05,0,0,1-.72,3h4.56A2.83,2.83,0,0,1,23.16,9.5Z\"><\/path><ellipse class=\"cls-1\" cx=\"17.86\" cy=\"14.16\" rx=\"0.4\" ry=\"1.04\"><\/ellipse><ellipse class=\"cls-1\" cx=\"21.7\" cy=\"14.22\" rx=\"0.63\" ry=\"1.04\"><\/ellipse><ellipse class=\"cls-1\" cx=\"25.39\" cy=\"14.17\" rx=\"0.4\" ry=\"1.04\"><\/ellipse><path class=\"cls-1\" d=\"M22.67,13.16c-.12,0-.14,0-.09.14l.05.06a2.84,2.84,0,0,1,0,1.82c0,.09,0,.1.07.1H24.8a2.86,2.86,0,0,1-.2-.89,2.82,2.82,0,0,1,.19-1.18c0-.08-.07-.05-.11-.05Z\"><\/path><ellipse class=\"cls-1\" cx=\"21.66\" cy=\"9.01\" rx=\"1.62\" ry=\"0.33\"><\/ellipse><path class=\"cls-1\" d=\"M26.5,24.38a7,7,0,0,0-.2-.87,3.57,3.57,0,0,1-.5-1.28,10,10,0,0,1,0-1.56,4.24,4.24,0,0,1,.38-1.75,2.36,2.36,0,0,0,.36-1.25,8.82,8.82,0,0,0,0-1c0-.75-.5-.8-.5-.8l-4,0-.18,0-4.15,0s-.45,0-.5.8a8.65,8.65,0,0,0,0,1,2.4,2.4,0,0,0,.36,1.26,4.17,4.17,0,0,1,.38,1.74,10,10,0,0,1,0,1.56,3.57,3.57,0,0,1-.5,1.29,6.69,6.69,0,0,0-.2.86c0,.25,0,10.64,0,10.64s0,.14.25.14l4.17,0h4.73c.28,0,.25-.15.25-.15S26.51,24.63,26.5,24.38Z\"><\/path><path class=\"cls-1\" d=\"M26.09,36H17.7c-.32,0-.25.14-.25.16s.31,1,.73,2,.44.84.44.84h6.55a5.25,5.25,0,0,0,.44-.84,11.74,11.74,0,0,0,.73-2S26.41,36,26.09,36Z\"><\/path><\/svg><\/div><\/div>\n\t\t\t\t\n\t\t\t\t\n\t\t\t\t\n\t\t\t\t<h3 class=\"lqd-iconbox-heading\" >Vasos t\u00e9rmicos <\/h3>\t\t\t\t<p><\/p>\n\t\t\t\t\n\t\t\t\t\n\t\t\t\t\n\t\t\t<\/div>\n\n\t\t\t\t\t\t<\/div>\n\t\t\t\t<\/div>\n\t\t\t\t\t<\/div>\n\t\t<\/div>\n\t\t\t\t<div class=\"elementor-column elementor-col-33 elementor-top-column elementor-element elementor-element-007e99c\" data-id=\"007e99c\" data-element_type=\"column\">\n\t\t\t<div class=\"elementor-widget-wrap elementor-element-populated\">\n\t\t\t\t\t\t<div class=\"elementor-element elementor-element-13e9de6 elementor-align-center elementor-widget elementor-widget-ld_icon_box\" data-id=\"13e9de6\" data-element_type=\"widget\" data-widget_type=\"ld_icon_box.default\">\n\t\t\t\t<div class=\"elementor-widget-container\">\n\t\t\t\t\t\n\t\t\t<div id=\"ld_icon_box_13e9de6\" class=\"iconbox d-flex flex-grow-1 pos-rel flex-column iconbox-default iconbox-icon-shaped iconbox-circle\"   >\n\n\t\t\t\t\n\t\t\t\t<div class=\"iconbox-icon-wrap\"><div class=\"iconbox-icon-container d-inline-flex pos-rel z-index-1 border-radius-circle\"><i aria-hidden=\"true\" class=\"fas fa-coffee\"><\/i><\/div><\/div>\n\t\t\t\t\n\t\t\t\t\n\t\t\t\t\n\t\t\t\t<h3 class=\"lqd-iconbox-heading\" >Tazas <\/h3>\t\t\t\t<p><\/p>\n\t\t\t\t\n\t\t\t\t\n\t\t\t\t\n\t\t\t<\/div>\n\n\t\t\t\t\t\t<\/div>\n\t\t\t\t<\/div>\n\t\t\t\t\t<\/div>\n\t\t<\/div>\n\t\t\t\t\t<\/div>\n\t\t<\/section>\n\t\t\t\t<section class=\"elementor-section elementor-top-section elementor-element elementor-element-5884448 elementor-section-content-middle elementor-section-boxed elementor-section-height-default elementor-section-height-default\" data-id=\"5884448\" data-element_type=\"section\" data-settings=\"{&quot;background_background&quot;:&quot;classic&quot;}\">\n\t\t\t\t\t\t<div class=\"elementor-container elementor-column-gap-extended\">\n\t\t\t\t\t<div class=\"elementor-column elementor-col-100 elementor-top-column elementor-element elementor-element-f544cf4\" data-id=\"f544cf4\" data-element_type=\"column\">\n\t\t\t<div class=\"elementor-widget-wrap elementor-element-populated\">\n\t\t\t\t\t\t<div class=\"elementor-element elementor-element-85544d0 elementor-widget-divider--view-line elementor-widget elementor-widget-divider\" data-id=\"85544d0\" data-element_type=\"widget\" data-widget_type=\"divider.default\">\n\t\t\t\t<div class=\"elementor-widget-container\">\n\t\t\t\t\t\t\t<div class=\"elementor-divider\">\n\t\t\t<span class=\"elementor-divider-separator\">\n\t\t\t\t\t\t<\/span>\n\t\t<\/div>\n\t\t\t\t\t\t<\/div>\n\t\t\t\t<\/div>\n\t\t\t\t\t<\/div>\n\t\t<\/div>\n\t\t\t\t\t<\/div>\n\t\t<\/section>\n\t\t\t\t<\/div>","protected":false},"excerpt":{"rendered":"<p>Mocha Textil A trav\u00e9s de este programa capacitamos a estudiantes de nuestro Bachillerato en estampado, serigraf\u00eda y sublimado de art\u00edculos y prendas textiles. Adem\u00e1s, trabajamos en la elaboraci\u00f3n de dise\u00f1os digitales y anal\u00f3gicos originales, enfocados en la comunidad LGBTTNB+. A su vez, conformamos una cooperativa con aquelles estudiantes que se han formado en 2022 y [&hellip;]<\/p>","protected":false},"author":1,"featured_media":0,"parent":4882,"menu_order":2,"comment_status":"closed","ping_status":"closed","template":"","meta":{"_acf_changed":false,"footnotes":""},"class_list":["post-12818","page","type-page","status-publish","hentry"],"acf":[],"yoast_head":"<!-- This site is optimized with the Yoast SEO plugin v26.5 - https:\/\/yoast.com\/wordpress\/plugins\/seo\/ -->\n<title>Mocha Textil - Mocha Celis<\/title>\n<meta name=\"description\" content=\"11 a\u00f1os tejiendo por la igualdad desde la comunidad travesti, trans y no binaria.\" \/>\n<meta name=\"robots\" content=\"index, follow, max-snippet:-1, max-image-preview:large, max-video-preview:-1\" \/>\n<link rel=\"canonical\" href=\"https:\/\/mochacelis.org\/en\/programas\/mocha-textil\/\" \/>\n<meta property=\"og:locale\" content=\"en_US\" \/>\n<meta property=\"og:type\" content=\"article\" \/>\n<meta property=\"og:title\" content=\"Mocha Textil - Mocha Celis\" \/>\n<meta property=\"og:description\" content=\"11 a\u00f1os tejiendo por la igualdad desde la comunidad travesti, trans y no binaria.\" \/>\n<meta property=\"og:url\" content=\"https:\/\/mochacelis.org\/en\/programas\/mocha-textil\/\" \/>\n<meta property=\"og:site_name\" content=\"Mocha Celis\" \/>\n<meta property=\"article:modified_time\" content=\"2024-04-29T21:10:46+00:00\" \/>\n<meta property=\"og:image\" content=\"https:\/\/mochacelis.org\/wp-content\/uploads\/2024\/04\/IMG_9902.jpg\" \/>\n<meta name=\"twitter:card\" content=\"summary_large_image\" \/>\n<meta name=\"twitter:label1\" content=\"Est. reading time\" \/>\n\t<meta name=\"twitter:data1\" content=\"1 minute\" \/>\n<script type=\"application\/ld+json\" class=\"yoast-schema-graph\">{\"@context\":\"https:\/\/schema.org\",\"@graph\":[{\"@type\":\"WebPage\",\"@id\":\"https:\/\/mochacelis.org\/programas\/mocha-textil\/\",\"url\":\"https:\/\/mochacelis.org\/programas\/mocha-textil\/\",\"name\":\"Mocha Textil - Mocha Celis\",\"isPartOf\":{\"@id\":\"https:\/\/mochacelis.org\/#website\"},\"primaryImageOfPage\":{\"@id\":\"https:\/\/mochacelis.org\/programas\/mocha-textil\/#primaryimage\"},\"image\":{\"@id\":\"https:\/\/mochacelis.org\/programas\/mocha-textil\/#primaryimage\"},\"thumbnailUrl\":\"https:\/\/mochacelis.org\/wp-content\/uploads\/2024\/04\/IMG_9902.jpg\",\"datePublished\":\"2024-04-03T05:27:34+00:00\",\"dateModified\":\"2024-04-29T21:10:46+00:00\",\"description\":\"11 a\u00f1os tejiendo por la igualdad desde la comunidad travesti, trans y no binaria.\",\"breadcrumb\":{\"@id\":\"https:\/\/mochacelis.org\/programas\/mocha-textil\/#breadcrumb\"},\"inLanguage\":\"en-US\",\"potentialAction\":[{\"@type\":\"ReadAction\",\"target\":[\"https:\/\/mochacelis.org\/programas\/mocha-textil\/\"]}]},{\"@type\":\"ImageObject\",\"inLanguage\":\"en-US\",\"@id\":\"https:\/\/mochacelis.org\/programas\/mocha-textil\/#primaryimage\",\"url\":\"https:\/\/mochacelis.org\/wp-content\/uploads\/2024\/04\/IMG_9902.jpg\",\"contentUrl\":\"https:\/\/mochacelis.org\/wp-content\/uploads\/2024\/04\/IMG_9902.jpg\"},{\"@type\":\"BreadcrumbList\",\"@id\":\"https:\/\/mochacelis.org\/programas\/mocha-textil\/#breadcrumb\",\"itemListElement\":[{\"@type\":\"ListItem\",\"position\":1,\"name\":\"Inicio\",\"item\":\"https:\/\/mochacelis.org\/\"},{\"@type\":\"ListItem\",\"position\":2,\"name\":\"Programas\",\"item\":\"https:\/\/mochacelis.org\/programas\/\"},{\"@type\":\"ListItem\",\"position\":3,\"name\":\"Mocha Textil\"}]},{\"@type\":\"WebSite\",\"@id\":\"https:\/\/mochacelis.org\/#website\",\"url\":\"https:\/\/mochacelis.org\/\",\"name\":\"Mocha Celis\",\"description\":\"11 a\u00f1os tejiendo por la igualdad desde la comunidad travesti, trans y no binaria.\",\"publisher\":{\"@id\":\"https:\/\/mochacelis.org\/#organization\"},\"potentialAction\":[{\"@type\":\"SearchAction\",\"target\":{\"@type\":\"EntryPoint\",\"urlTemplate\":\"https:\/\/mochacelis.org\/?s={search_term_string}\"},\"query-input\":{\"@type\":\"PropertyValueSpecification\",\"valueRequired\":true,\"valueName\":\"search_term_string\"}}],\"inLanguage\":\"en-US\"},{\"@type\":\"Organization\",\"@id\":\"https:\/\/mochacelis.org\/#organization\",\"name\":\"Mocha Celis\",\"url\":\"https:\/\/mochacelis.org\/\",\"logo\":{\"@type\":\"ImageObject\",\"inLanguage\":\"en-US\",\"@id\":\"https:\/\/mochacelis.org\/#\/schema\/logo\/image\/\",\"url\":\"https:\/\/mochacelis.org\/wp-content\/uploads\/2021\/11\/favicon-mocha.png\",\"contentUrl\":\"https:\/\/mochacelis.org\/wp-content\/uploads\/2021\/11\/favicon-mocha.png\",\"width\":64,\"height\":64,\"caption\":\"Mocha Celis\"},\"image\":{\"@id\":\"https:\/\/mochacelis.org\/#\/schema\/logo\/image\/\"}}]}<\/script>\n<!-- \/ Yoast SEO plugin. -->","yoast_head_json":{"title":"Mocha Textil - Mocha Celis","description":"11 a\u00f1os tejiendo por la igualdad desde la comunidad travesti, trans y no binaria.","robots":{"index":"index","follow":"follow","max-snippet":"max-snippet:-1","max-image-preview":"max-image-preview:large","max-video-preview":"max-video-preview:-1"},"canonical":"https:\/\/mochacelis.org\/en\/programas\/mocha-textil\/","og_locale":"en_US","og_type":"article","og_title":"Mocha Textil - Mocha Celis","og_description":"11 a\u00f1os tejiendo por la igualdad desde la comunidad travesti, trans y no binaria.","og_url":"https:\/\/mochacelis.org\/en\/programas\/mocha-textil\/","og_site_name":"Mocha Celis","article_modified_time":"2024-04-29T21:10:46+00:00","og_image":[{"url":"https:\/\/mochacelis.org\/wp-content\/uploads\/2024\/04\/IMG_9902.jpg","type":"","width":"","height":""}],"twitter_card":"summary_large_image","twitter_misc":{"Est. reading time":"1 minute"},"schema":{"@context":"https:\/\/schema.org","@graph":[{"@type":"WebPage","@id":"https:\/\/mochacelis.org\/programas\/mocha-textil\/","url":"https:\/\/mochacelis.org\/programas\/mocha-textil\/","name":"Mocha Textil - Mocha Celis","isPartOf":{"@id":"https:\/\/mochacelis.org\/#website"},"primaryImageOfPage":{"@id":"https:\/\/mochacelis.org\/programas\/mocha-textil\/#primaryimage"},"image":{"@id":"https:\/\/mochacelis.org\/programas\/mocha-textil\/#primaryimage"},"thumbnailUrl":"https:\/\/mochacelis.org\/wp-content\/uploads\/2024\/04\/IMG_9902.jpg","datePublished":"2024-04-03T05:27:34+00:00","dateModified":"2024-04-29T21:10:46+00:00","description":"11 a\u00f1os tejiendo por la igualdad desde la comunidad travesti, trans y no binaria.","breadcrumb":{"@id":"https:\/\/mochacelis.org\/programas\/mocha-textil\/#breadcrumb"},"inLanguage":"en-US","potentialAction":[{"@type":"ReadAction","target":["https:\/\/mochacelis.org\/programas\/mocha-textil\/"]}]},{"@type":"ImageObject","inLanguage":"en-US","@id":"https:\/\/mochacelis.org\/programas\/mocha-textil\/#primaryimage","url":"https:\/\/mochacelis.org\/wp-content\/uploads\/2024\/04\/IMG_9902.jpg","contentUrl":"https:\/\/mochacelis.org\/wp-content\/uploads\/2024\/04\/IMG_9902.jpg"},{"@type":"BreadcrumbList","@id":"https:\/\/mochacelis.org\/programas\/mocha-textil\/#breadcrumb","itemListElement":[{"@type":"ListItem","position":1,"name":"Inicio","item":"https:\/\/mochacelis.org\/"},{"@type":"ListItem","position":2,"name":"Programas","item":"https:\/\/mochacelis.org\/programas\/"},{"@type":"ListItem","position":3,"name":"Mocha Textil"}]},{"@type":"WebSite","@id":"https:\/\/mochacelis.org\/#website","url":"https:\/\/mochacelis.org\/","name":"Mocha Celis","description":"11 a\u00f1os tejiendo por la igualdad desde la comunidad travesti, trans y no binaria.","publisher":{"@id":"https:\/\/mochacelis.org\/#organization"},"potentialAction":[{"@type":"SearchAction","target":{"@type":"EntryPoint","urlTemplate":"https:\/\/mochacelis.org\/?s={search_term_string}"},"query-input":{"@type":"PropertyValueSpecification","valueRequired":true,"valueName":"search_term_string"}}],"inLanguage":"en-US"},{"@type":"Organization","@id":"https:\/\/mochacelis.org\/#organization","name":"Mocha Celis","url":"https:\/\/mochacelis.org\/","logo":{"@type":"ImageObject","inLanguage":"en-US","@id":"https:\/\/mochacelis.org\/#\/schema\/logo\/image\/","url":"https:\/\/mochacelis.org\/wp-content\/uploads\/2021\/11\/favicon-mocha.png","contentUrl":"https:\/\/mochacelis.org\/wp-content\/uploads\/2021\/11\/favicon-mocha.png","width":64,"height":64,"caption":"Mocha Celis"},"image":{"@id":"https:\/\/mochacelis.org\/#\/schema\/logo\/image\/"}}]}},"_links":{"self":[{"href":"https:\/\/mochacelis.org\/en\/wp-json\/wp\/v2\/pages\/12818","targetHints":{"allow":["GET"]}}],"collection":[{"href":"https:\/\/mochacelis.org\/en\/wp-json\/wp\/v2\/pages"}],"about":[{"href":"https:\/\/mochacelis.org\/en\/wp-json\/wp\/v2\/types\/page"}],"author":[{"embeddable":true,"href":"https:\/\/mochacelis.org\/en\/wp-json\/wp\/v2\/users\/1"}],"replies":[{"embeddable":true,"href":"https:\/\/mochacelis.org\/en\/wp-json\/wp\/v2\/comments?post=12818"}],"version-history":[{"count":29,"href":"https:\/\/mochacelis.org\/en\/wp-json\/wp\/v2\/pages\/12818\/revisions"}],"predecessor-version":[{"id":13327,"href":"https:\/\/mochacelis.org\/en\/wp-json\/wp\/v2\/pages\/12818\/revisions\/13327"}],"up":[{"embeddable":true,"href":"https:\/\/mochacelis.org\/en\/wp-json\/wp\/v2\/pages\/4882"}],"wp:attachment":[{"href":"https:\/\/mochacelis.org\/en\/wp-json\/wp\/v2\/media?parent=12818"}],"curies":[{"name":"wp","href":"https:\/\/api.w.org\/{rel}","templated":true}]}}