{"id":10791,"date":"2021-11-13T19:25:37","date_gmt":"2021-11-13T19:25:37","guid":{"rendered":"https:\/\/mochacelis.org\/?page_id=10791"},"modified":"2021-11-24T20:15:31","modified_gmt":"2021-11-24T20:15:31","slug":"colabora","status":"publish","type":"page","link":"https:\/\/mochacelis.org\/en\/colabora\/","title":{"rendered":"Collaborate"},"content":{"rendered":"<div data-elementor-type=\"wp-page\" data-elementor-id=\"10791\" class=\"elementor elementor-10791\">\n\t\t\t\t\t\t<section class=\"elementor-section elementor-top-section elementor-element elementor-element-041bdc2 elementor-section-boxed elementor-section-height-default elementor-section-height-default\" data-id=\"041bdc2\" data-element_type=\"section\">\n\t\t\t\t\t\t<div class=\"elementor-container elementor-column-gap-default\">\n\t\t\t\t\t<div class=\"elementor-column elementor-col-100 elementor-top-column elementor-element elementor-element-c1fadb7\" data-id=\"c1fadb7\" data-element_type=\"column\">\n\t\t\t<div class=\"elementor-widget-wrap elementor-element-populated\">\n\t\t\t\t\t\t<div class=\"elementor-element elementor-element-2ff16fd elementor-widget elementor-widget-hub_fancy_heading\" data-id=\"2ff16fd\" data-element_type=\"widget\" data-widget_type=\"hub_fancy_heading.default\">\n\t\t\t\t<div class=\"elementor-widget-container\">\n\t\t\t\t\t\n\t\t<div id=\"ld-fancy-heading-69d847658d4bd\" class=\"ld-fancy-heading pos-rel\">\n\t\t\t<h1 class=\"ld-fh-element d-inline-block pos-rel  elementor-heading-title lqd-highlight-custom lqd-highlight-custom-1 h1\"  data-inview=\"true\" data-transition-delay=\"true\" data-delay-options=\"{&quot;elements&quot;:&quot;.lqd-highlight-inner&quot;,&quot;delayType&quot;:&quot;transition&quot;}\" > <mark class=\"lqd-highlight\"><span class=\"lqd-highlight-txt\"  >Collaborate<\/span><span class=\"lqd-highlight-inner\"><svg class=\"lqd-highlight-brush-svg lqd-highlight-brush-svg-1\" xmlns=\"http:\/\/www.w3.org\/2000\/svg\" width=\"235.509\" height=\"13.504\" viewbox=\"0 0 235.509 13.504\" aria-hidden=\"true\" preserveaspectratio=\"none\"><path d=\"M163,.383a13.044,13.044,0,0,1,1.517-.072,3.528,3.528,0,0,1,1.237-.134q.618.044,1.237.044a.249.249,0,0,1-.1.178.337.337,0,0,0-.1.266q3.092.088,6.184-.044T178.953.4l-.206-.088a12,12,0,0,0,4.123,0,13.467,13.467,0,0,1,5.772,0q1.443-.178,2.68-.266A5.978,5.978,0,0,1,193.8.4,16.707,16.707,0,0,1,198.01.045q2.164.088,4.844.088-.618.088-.824.134L201.412.4a3.893,3.893,0,0,0,2.061,0,5.413,5.413,0,0,1,1.649-.356q.618.088,1.134.178a9.762,9.762,0,0,0,1.544.09,17,17,0,0,1,3.092-.266q1.649,0,3.5.178,2.886.088,5.875.044t5.875-.222q0,.088.206.088h.412a21.975,21.975,0,0,0,2.577.889A12.458,12.458,0,0,1,232.12,2.18a3.962,3.962,0,0,1,1.031.622A3.349,3.349,0,0,1,234.8,3.825a5.079,5.079,0,0,1,.618,1.111q.412.534-1.031.98-1.031.444-.618.98a2.09,2.09,0,0,1,.206.889q0,.444.825.889.618.8-.206,1.245l-1.237.534q-1.443-.088-2.68-.134a17.255,17.255,0,0,1-2.267-.222,3.128,3.128,0,0,0-.928-.044,3.129,3.129,0,0,1-.928-.044q-2.267-.178-4.432-.266T217.7,9.476q-1.649-.088-2.886-.088a17.343,17.343,0,0,1-2.474-.178q-3.916,0-7.73-.088t-7.73-.266l-12.471-.178q-6.287-.088-12.883-.088h-1.958q-.928,0-1.958.088h-2.061q-1.031,0-2.061-.088-2.68-.088-5.256-.134t-5.256.044h-5.462q-2.577,0-5.462.088-4.535.088-8.76.178t-8.554.088q-2.886.088-5.875.088t-5.875.088q-1.443.088-2.886.134t-3.092.044q-4.741.178-9.791.312t-9.791.312q-2.267.088-4.329.088T78.77,10.1q-4.329.266-8.863.49t-9.276.49q-1.237.088-2.68.134a24.356,24.356,0,0,0-2.683.224q-2.68.178-5.462.312t-5.668.4q-2.474.266-4.741.312t-4.741.044q-1.031-.088-1.958-.134a9.684,9.684,0,0,1-1.958-.312,12.5,12.5,0,0,0-1.443-.312q-.825-.134-1.856-.31-2.886.356-6.39.666t-6.8.845a26.709,26.709,0,0,1-2.886.356,20.758,20.758,0,0,1-9.482-.889Q.232,11.962.026,11.25T1.263,9.917q0-.266.825-.266a13.039,13.039,0,0,0,2.886-.444A17.187,17.187,0,0,1,7.86,8.672q3.092-.266,6.184-.8,1.649-.178,3.3-.312t3.5-.312q4.123-.354,8.039-.712t8.039-.622q9.478-.8,18.758-1.338,2.68-.178,5.153-.356t4.741-.356q2.474-.178,5.05-.356T75.88,3.24h1.34a4.829,4.829,0,0,0,1.34-.178q2.267-.178,4.329-.222t4.329-.134a7.256,7.256,0,0,1,2.267,0,3.459,3.459,0,0,0,1.031-.088,6.009,6.009,0,0,1,2.37-.266,14.745,14.745,0,0,0,2.783-.088q1.649,0,2.474.088a1.308,1.308,0,0,1,.185.011,1.226,1.226,0,0,1,.33-.1,3.656,3.656,0,0,0,.515-.088,4.433,4.433,0,0,1,2.886.266q.412-.088,1.031-.178l1.237-.178q.412,0,1.031.044a5.761,5.761,0,0,0,1.237-.044q2.886-.088,5.772-.044a53.829,53.829,0,0,0,5.772-.222,9.505,9.505,0,0,1,1.34-.088h1.34a4.428,4.428,0,0,1,.821-.258l.825-.178a15.178,15.178,0,0,1,1.855.444,3.028,3.028,0,0,1,1.031-.534,4.039,4.039,0,0,1,1.443-.178,6.158,6.158,0,0,1,1.649.178,5.05,5.05,0,0,0,2.267.268q1.855-.088,3.813-.134T138.13,1.2q1.031,0,2.164-.044t2.37-.044q-.206-.088.412-.534h3.092q.412,0,.309.266t.928,0a5.845,5.845,0,0,1,1.443,0,31.833,31.833,0,0,0,5.359.088,21.471,21.471,0,0,1,6.8.178,5.236,5.236,0,0,0,1.031-.4q.412-.222.825-.4a.694.694,0,0,1,.137.07Z\" transform=\"translate(0 0.002)\"\/><\/svg><\/span><\/mark> with us<\/h1>\t\t<\/div>\n\n\t\t\t\t\t\t<\/div>\n\t\t\t\t<\/div>\n\t\t\t\t\t<\/div>\n\t\t<\/div>\n\t\t\t\t\t<\/div>\n\t\t<\/section>\n\t\t\t\t<section class=\"elementor-section elementor-top-section elementor-element elementor-element-3f788b8 elementor-section-boxed elementor-section-height-default elementor-section-height-default\" data-id=\"3f788b8\" data-element_type=\"section\">\n\t\t\t\t\t\t<div class=\"elementor-container elementor-column-gap-default\">\n\t\t\t\t\t<div class=\"elementor-column elementor-col-25 elementor-top-column elementor-element elementor-element-5baf06e\" data-id=\"5baf06e\" data-element_type=\"column\" data-settings=\"{&quot;background_background&quot;:&quot;classic&quot;}\">\n\t\t\t<div class=\"elementor-widget-wrap elementor-element-populated\">\n\t\t\t\t\t\t<div class=\"elementor-element elementor-element-c0b7904 elementor-widget elementor-widget-hub_fancy_heading\" data-id=\"c0b7904\" data-element_type=\"widget\" data-widget_type=\"hub_fancy_heading.default\">\n\t\t\t\t<div class=\"elementor-widget-container\">\n\t\t\t\t\t\n\t\t<div id=\"ld-fancy-heading-69d847658debd\" class=\"ld-fancy-heading pos-rel\">\n\t\t\t<h2 class=\"ld-fh-element d-inline-block pos-rel  elementor-heading-title lqd-highlight-classic lqd-highlight-grow-left h2\"  > Make a monetary or in-kind donation<\/h2>\t\t<\/div>\n\n\t\t\t\t\t\t<\/div>\n\t\t\t\t<\/div>\n\t\t\t\t<div class=\"elementor-element elementor-element-c740c43 elementor-align-center elementor-widget elementor-widget-ld_button\" data-id=\"c740c43\" data-element_type=\"widget\" data-widget_type=\"ld_button.default\">\n\t\t\t\t<div class=\"elementor-widget-container\">\n\t\t\t\t\t\n\t\t\t<a\n\t\t\t\thref=\"https:\/\/mochacelis.org\/en\/dona\/\"class=\"elementor-button btn btn-solid btn-sm btn-icon-shaped btn-has-label\"\t\t\t>\n\t\t\t\t\t\t\t\t\t<span data-text=\"DON\u00c1 AHORA\" class=\"btn-txt\">\n\t\t\t\t\t\tDONATE NOW\t\t\t\t\t<\/span>\n\t\t\t\t\t\t\t\t\t\t\t<\/a>\n\t\t\t\t\t\t\t<\/div>\n\t\t\t\t<\/div>\n\t\t\t\t\t<\/div>\n\t\t<\/div>\n\t\t\t\t<div class=\"elementor-column elementor-col-25 elementor-top-column elementor-element elementor-element-aaf2fdf\" data-id=\"aaf2fdf\" data-element_type=\"column\" data-settings=\"{&quot;background_background&quot;:&quot;classic&quot;}\">\n\t\t\t<div class=\"elementor-widget-wrap elementor-element-populated\">\n\t\t\t\t\t\t<div class=\"elementor-element elementor-element-6cf682a elementor-widget elementor-widget-hub_fancy_heading\" data-id=\"6cf682a\" data-element_type=\"widget\" data-widget_type=\"hub_fancy_heading.default\">\n\t\t\t\t<div class=\"elementor-widget-container\">\n\t\t\t\t\t\n\t\t<div id=\"ld-fancy-heading-69d847658ecec\" class=\"ld-fancy-heading pos-rel\">\n\t\t\t<h2 class=\"ld-fh-element d-inline-block pos-rel  elementor-heading-title lqd-highlight-classic lqd-highlight-grow-left h2\"  > Volunteer<\/h2>\t\t<\/div>\n\n\t\t\t\t\t\t<\/div>\n\t\t\t\t<\/div>\n\t\t\t\t<div class=\"elementor-element elementor-element-ea4f3c5 elementor-align-center elementor-widget elementor-widget-ld_button\" data-id=\"ea4f3c5\" data-element_type=\"widget\" data-widget_type=\"ld_button.default\">\n\t\t\t\t<div class=\"elementor-widget-container\">\n\t\t\t\t\t\n\t\t\t<a\n\t\t\t\thref=\"https:\/\/forms.gle\/F7PXg9zPyNgs9qmh7\" target=\"_blank\" rel=\"nofollow\"class=\"elementor-button btn btn-solid btn-sm btn-icon-shaped btn-has-label\"\t\t\t>\n\t\t\t\t\t\t\t\t\t<span data-text=\"M\u00c1S INFO\" class=\"btn-txt\">\n\t\t\t\t\t\tMORE INFO\t\t\t\t\t<\/span>\n\t\t\t\t\t\t\t\t\t\t\t<\/a>\n\t\t\t\t\t\t\t<\/div>\n\t\t\t\t<\/div>\n\t\t\t\t\t<\/div>\n\t\t<\/div>\n\t\t\t\t<div class=\"elementor-column elementor-col-25 elementor-top-column elementor-element elementor-element-c154cfd\" data-id=\"c154cfd\" data-element_type=\"column\" data-settings=\"{&quot;background_background&quot;:&quot;classic&quot;}\">\n\t\t\t<div class=\"elementor-widget-wrap elementor-element-populated\">\n\t\t\t\t\t\t<div class=\"elementor-element elementor-element-433c652 elementor-widget elementor-widget-hub_fancy_heading\" data-id=\"433c652\" data-element_type=\"widget\" data-widget_type=\"hub_fancy_heading.default\">\n\t\t\t\t<div class=\"elementor-widget-container\">\n\t\t\t\t\t\n\t\t<div id=\"ld-fancy-heading-69d847658fa5d\" class=\"ld-fancy-heading pos-rel\">\n\t\t\t<h2 class=\"ld-fh-element d-inline-block pos-rel  elementor-heading-title lqd-highlight-classic lqd-highlight-grow-left h2\"  > Add your company to our community<\/h2>\t\t<\/div>\n\n\t\t\t\t\t\t<\/div>\n\t\t\t\t<\/div>\n\t\t\t\t<div class=\"elementor-element elementor-element-00c1830 elementor-align-center elementor-widget elementor-widget-ld_button\" data-id=\"00c1830\" data-element_type=\"widget\" data-widget_type=\"ld_button.default\">\n\t\t\t\t<div class=\"elementor-widget-container\">\n\t\t\t\t\t\n\t\t\t<a\n\t\t\t\thref=\"https:\/\/forms.gle\/EjiPbVP7G8fZhV9AA\" target=\"_blank\" rel=\"nofollow\"class=\"elementor-button btn btn-solid btn-sm btn-icon-shaped btn-has-label\"\t\t\t>\n\t\t\t\t\t\t\t\t\t<span data-text=\"M\u00c1S INFO\" class=\"btn-txt\">\n\t\t\t\t\t\tMORE INFO\t\t\t\t\t<\/span>\n\t\t\t\t\t\t\t\t\t\t\t<\/a>\n\t\t\t\t\t\t\t<\/div>\n\t\t\t\t<\/div>\n\t\t\t\t\t<\/div>\n\t\t<\/div>\n\t\t\t\t<div class=\"elementor-column elementor-col-25 elementor-top-column elementor-element elementor-element-2dc2a12\" data-id=\"2dc2a12\" data-element_type=\"column\" data-settings=\"{&quot;background_background&quot;:&quot;gradient&quot;}\">\n\t\t\t<div class=\"elementor-widget-wrap elementor-element-populated\">\n\t\t\t\t\t\t<div class=\"elementor-element elementor-element-8f4f19a elementor-widget elementor-widget-hub_fancy_heading\" data-id=\"8f4f19a\" data-element_type=\"widget\" data-widget_type=\"hub_fancy_heading.default\">\n\t\t\t\t<div class=\"elementor-widget-container\">\n\t\t\t\t\t\n\t\t<div id=\"ld-fancy-heading-69d84765906c2\" class=\"ld-fancy-heading pos-rel\">\n\t\t\t<h2 class=\"ld-fh-element d-inline-block pos-rel  elementor-heading-title lqd-highlight-classic lqd-highlight-grow-left h2\"  > Other type of collaboration<br><br><\/h2>\t\t<\/div>\n\n\t\t\t\t\t\t<\/div>\n\t\t\t\t<\/div>\n\t\t\t\t<div class=\"elementor-element elementor-element-01c9234 elementor-align-center elementor-widget elementor-widget-ld_button\" data-id=\"01c9234\" data-element_type=\"widget\" data-widget_type=\"ld_button.default\">\n\t\t\t\t<div class=\"elementor-widget-container\">\n\t\t\t\t\t\n\t\t\t<a\n\t\t\t\thref=\"https:\/\/mochacelis.org\/en\/contacto\/\"class=\"elementor-button btn btn-solid btn-sm btn-icon-shaped btn-has-label\"\t\t\t>\n\t\t\t\t\t\t\t\t\t<span data-text=\"CONTACTANOS\" class=\"btn-txt\">\n\t\t\t\t\t\tCONTACT US\t\t\t\t\t<\/span>\n\t\t\t\t\t\t\t\t\t\t\t<\/a>\n\t\t\t\t\t\t\t<\/div>\n\t\t\t\t<\/div>\n\t\t\t\t\t<\/div>\n\t\t<\/div>\n\t\t\t\t\t<\/div>\n\t\t<\/section>\n\t\t\t\t<\/div>","protected":false},"excerpt":{"rendered":"<p>Colabor\u00e1 con nosotres Hac\u00e9 una donaci\u00f3n monetaria o en especie DON\u00c1 AHORA Hac\u00e9 un voluntariado M\u00c1S INFO Sum\u00e1 tu empresa a nuestra comunidad M\u00c1S INFO Otro tipo de colaboraci\u00f3n CONTACTANOS<\/p>","protected":false},"author":1,"featured_media":0,"parent":0,"menu_order":0,"comment_status":"closed","ping_status":"closed","template":"","meta":{"_acf_changed":false,"footnotes":""},"class_list":["post-10791","page","type-page","status-publish","hentry"],"acf":[],"yoast_head":"<!-- This site is optimized with the Yoast SEO plugin v26.5 - https:\/\/yoast.com\/wordpress\/plugins\/seo\/ -->\n<title>Colabor\u00e1 - Mocha Celis<\/title>\n<meta name=\"description\" content=\"11 a\u00f1os tejiendo por la igualdad desde la comunidad travesti, trans y no binaria.\" \/>\n<meta name=\"robots\" content=\"index, follow, max-snippet:-1, max-image-preview:large, max-video-preview:-1\" \/>\n<link rel=\"canonical\" href=\"https:\/\/mochacelis.org\/en\/colabora\/\" \/>\n<meta property=\"og:locale\" content=\"en_US\" \/>\n<meta property=\"og:type\" content=\"article\" \/>\n<meta property=\"og:title\" content=\"Colabor\u00e1 - Mocha Celis\" \/>\n<meta property=\"og:description\" content=\"11 a\u00f1os tejiendo por la igualdad desde la comunidad travesti, trans y no binaria.\" \/>\n<meta property=\"og:url\" content=\"https:\/\/mochacelis.org\/en\/colabora\/\" \/>\n<meta property=\"og:site_name\" content=\"Mocha Celis\" \/>\n<meta property=\"article:modified_time\" content=\"2021-11-24T20:15:31+00:00\" \/>\n<meta property=\"og:image\" content=\"https:\/\/mochacelis.org\/wp-content\/uploads\/2022\/01\/Mocha-Celis-Logo-dibujo.png\" \/>\n\t<meta property=\"og:image:width\" content=\"371\" \/>\n\t<meta property=\"og:image:height\" content=\"404\" \/>\n\t<meta property=\"og:image:type\" content=\"image\/png\" \/>\n<meta name=\"twitter:card\" content=\"summary_large_image\" \/>\n<script type=\"application\/ld+json\" class=\"yoast-schema-graph\">{\"@context\":\"https:\/\/schema.org\",\"@graph\":[{\"@type\":\"WebPage\",\"@id\":\"https:\/\/mochacelis.org\/colabora\/\",\"url\":\"https:\/\/mochacelis.org\/colabora\/\",\"name\":\"Colabor\u00e1 - Mocha Celis\",\"isPartOf\":{\"@id\":\"https:\/\/mochacelis.org\/#website\"},\"datePublished\":\"2021-11-13T19:25:37+00:00\",\"dateModified\":\"2021-11-24T20:15:31+00:00\",\"description\":\"11 a\u00f1os tejiendo por la igualdad desde la comunidad travesti, trans y no binaria.\",\"breadcrumb\":{\"@id\":\"https:\/\/mochacelis.org\/colabora\/#breadcrumb\"},\"inLanguage\":\"en-US\",\"potentialAction\":[{\"@type\":\"ReadAction\",\"target\":[\"https:\/\/mochacelis.org\/colabora\/\"]}]},{\"@type\":\"BreadcrumbList\",\"@id\":\"https:\/\/mochacelis.org\/colabora\/#breadcrumb\",\"itemListElement\":[{\"@type\":\"ListItem\",\"position\":1,\"name\":\"Inicio\",\"item\":\"https:\/\/mochacelis.org\/\"},{\"@type\":\"ListItem\",\"position\":2,\"name\":\"Colabor\u00e1\"}]},{\"@type\":\"WebSite\",\"@id\":\"https:\/\/mochacelis.org\/#website\",\"url\":\"https:\/\/mochacelis.org\/\",\"name\":\"Mocha Celis\",\"description\":\"11 a\u00f1os tejiendo por la igualdad desde la comunidad travesti, trans y no binaria.\",\"publisher\":{\"@id\":\"https:\/\/mochacelis.org\/#organization\"},\"potentialAction\":[{\"@type\":\"SearchAction\",\"target\":{\"@type\":\"EntryPoint\",\"urlTemplate\":\"https:\/\/mochacelis.org\/?s={search_term_string}\"},\"query-input\":{\"@type\":\"PropertyValueSpecification\",\"valueRequired\":true,\"valueName\":\"search_term_string\"}}],\"inLanguage\":\"en-US\"},{\"@type\":\"Organization\",\"@id\":\"https:\/\/mochacelis.org\/#organization\",\"name\":\"Mocha Celis\",\"url\":\"https:\/\/mochacelis.org\/\",\"logo\":{\"@type\":\"ImageObject\",\"inLanguage\":\"en-US\",\"@id\":\"https:\/\/mochacelis.org\/#\/schema\/logo\/image\/\",\"url\":\"https:\/\/mochacelis.org\/wp-content\/uploads\/2021\/11\/favicon-mocha.png\",\"contentUrl\":\"https:\/\/mochacelis.org\/wp-content\/uploads\/2021\/11\/favicon-mocha.png\",\"width\":64,\"height\":64,\"caption\":\"Mocha Celis\"},\"image\":{\"@id\":\"https:\/\/mochacelis.org\/#\/schema\/logo\/image\/\"}}]}<\/script>\n<!-- \/ Yoast SEO plugin. -->","yoast_head_json":{"title":"Colabor\u00e1 - Mocha Celis","description":"11 a\u00f1os tejiendo por la igualdad desde la comunidad travesti, trans y no binaria.","robots":{"index":"index","follow":"follow","max-snippet":"max-snippet:-1","max-image-preview":"max-image-preview:large","max-video-preview":"max-video-preview:-1"},"canonical":"https:\/\/mochacelis.org\/en\/colabora\/","og_locale":"en_US","og_type":"article","og_title":"Colabor\u00e1 - Mocha Celis","og_description":"11 a\u00f1os tejiendo por la igualdad desde la comunidad travesti, trans y no binaria.","og_url":"https:\/\/mochacelis.org\/en\/colabora\/","og_site_name":"Mocha Celis","article_modified_time":"2021-11-24T20:15:31+00:00","og_image":[{"width":371,"height":404,"url":"https:\/\/mochacelis.org\/wp-content\/uploads\/2022\/01\/Mocha-Celis-Logo-dibujo.png","type":"image\/png"}],"twitter_card":"summary_large_image","schema":{"@context":"https:\/\/schema.org","@graph":[{"@type":"WebPage","@id":"https:\/\/mochacelis.org\/colabora\/","url":"https:\/\/mochacelis.org\/colabora\/","name":"Colabor\u00e1 - Mocha Celis","isPartOf":{"@id":"https:\/\/mochacelis.org\/#website"},"datePublished":"2021-11-13T19:25:37+00:00","dateModified":"2021-11-24T20:15:31+00:00","description":"11 a\u00f1os tejiendo por la igualdad desde la comunidad travesti, trans y no binaria.","breadcrumb":{"@id":"https:\/\/mochacelis.org\/colabora\/#breadcrumb"},"inLanguage":"en-US","potentialAction":[{"@type":"ReadAction","target":["https:\/\/mochacelis.org\/colabora\/"]}]},{"@type":"BreadcrumbList","@id":"https:\/\/mochacelis.org\/colabora\/#breadcrumb","itemListElement":[{"@type":"ListItem","position":1,"name":"Inicio","item":"https:\/\/mochacelis.org\/"},{"@type":"ListItem","position":2,"name":"Colabor\u00e1"}]},{"@type":"WebSite","@id":"https:\/\/mochacelis.org\/#website","url":"https:\/\/mochacelis.org\/","name":"Mocha Celis","description":"11 a\u00f1os tejiendo por la igualdad desde la comunidad travesti, trans y no binaria.","publisher":{"@id":"https:\/\/mochacelis.org\/#organization"},"potentialAction":[{"@type":"SearchAction","target":{"@type":"EntryPoint","urlTemplate":"https:\/\/mochacelis.org\/?s={search_term_string}"},"query-input":{"@type":"PropertyValueSpecification","valueRequired":true,"valueName":"search_term_string"}}],"inLanguage":"en-US"},{"@type":"Organization","@id":"https:\/\/mochacelis.org\/#organization","name":"Mocha Celis","url":"https:\/\/mochacelis.org\/","logo":{"@type":"ImageObject","inLanguage":"en-US","@id":"https:\/\/mochacelis.org\/#\/schema\/logo\/image\/","url":"https:\/\/mochacelis.org\/wp-content\/uploads\/2021\/11\/favicon-mocha.png","contentUrl":"https:\/\/mochacelis.org\/wp-content\/uploads\/2021\/11\/favicon-mocha.png","width":64,"height":64,"caption":"Mocha Celis"},"image":{"@id":"https:\/\/mochacelis.org\/#\/schema\/logo\/image\/"}}]}},"_links":{"self":[{"href":"https:\/\/mochacelis.org\/en\/wp-json\/wp\/v2\/pages\/10791","targetHints":{"allow":["GET"]}}],"collection":[{"href":"https:\/\/mochacelis.org\/en\/wp-json\/wp\/v2\/pages"}],"about":[{"href":"https:\/\/mochacelis.org\/en\/wp-json\/wp\/v2\/types\/page"}],"author":[{"embeddable":true,"href":"https:\/\/mochacelis.org\/en\/wp-json\/wp\/v2\/users\/1"}],"replies":[{"embeddable":true,"href":"https:\/\/mochacelis.org\/en\/wp-json\/wp\/v2\/comments?post=10791"}],"version-history":[{"count":109,"href":"https:\/\/mochacelis.org\/en\/wp-json\/wp\/v2\/pages\/10791\/revisions"}],"predecessor-version":[{"id":12218,"href":"https:\/\/mochacelis.org\/en\/wp-json\/wp\/v2\/pages\/10791\/revisions\/12218"}],"wp:attachment":[{"href":"https:\/\/mochacelis.org\/en\/wp-json\/wp\/v2\/media?parent=10791"}],"curies":[{"name":"wp","href":"https:\/\/api.w.org\/{rel}","templated":true}]}}